{"id":238,"date":"2024-01-07T14:44:50","date_gmt":"2024-01-07T14:44:50","guid":{"rendered":"http:\/\/atypicalworkers-training.com\/uvodna-stranka"},"modified":"2024-01-07T17:06:00","modified_gmt":"2024-01-07T17:06:00","slug":"uvodna-stranka","status":"publish","type":"page","link":"http:\/\/atypicalworkers-training.com\/sk","title":{"rendered":"\u00davodn\u00e1 str\u00e1nka"},"content":{"rendered":"\n<style type=\"text\/css\" data-created_by=\"avia_inline_auto\" id=\"style-css-av-lr3mc8on-8d74a1615347d5e7684d309f9f67b5ef\">\n.avia-section.av-lr3mc8on-8d74a1615347d5e7684d309f9f67b5ef{\nbackground-repeat:no-repeat;\nbackground-image:url(http:\/\/atypicalworkers-training.com\/wp-content\/uploads\/2024\/01\/Home-Background.jpeg);\nbackground-position:50% 50%;\nbackground-attachment:scroll;\n}\n.avia-section.av-lr3mc8on-8d74a1615347d5e7684d309f9f67b5ef .av-section-color-overlay{\nopacity:0.5;\nbackground-color:#d17c81;\n}\n<\/style>\n<div id='av_section_1'  class='avia-section av-lr3mc8on-8d74a1615347d5e7684d309f9f67b5ef main_color avia-section-default avia-no-border-styling  avia-builder-el-0  avia-builder-el-no-sibling  avia-full-stretch avia-bg-style-scroll av-section-color-overlay-active av-minimum-height av-minimum-height-100 av-height-100  container_wrap sidebar_right'  data-section-bg-repeat='stretch' data-av_minimum_height_pc='100' data-av_min_height_opt='100'><div class=\"av-section-color-overlay-wrap\"><div class=\"av-section-color-overlay\"><\/div><div class='container av-section-cont-open' ><main  role=\"main\" itemprop=\"mainContentOfPage\"  class='template-page content  av-content-small alpha units'><div class='post-entry post-entry-type-page post-entry-238'><div class='entry-content-wrapper clearfix'>\n\n<style type=\"text\/css\" data-created_by=\"avia_inline_auto\" id=\"style-css-av-lr3md7c8-372e04c45387c5ceebb7605753238969\">\n#top .av-special-heading.av-lr3md7c8-372e04c45387c5ceebb7605753238969{\npadding-bottom:10px;\ncolor:#ffffff;\n}\nbody .av-special-heading.av-lr3md7c8-372e04c45387c5ceebb7605753238969 .av-special-heading-tag .heading-char{\nfont-size:25px;\n}\n.av-special-heading.av-lr3md7c8-372e04c45387c5ceebb7605753238969 .special-heading-inner-border{\nborder-color:#ffffff;\n}\n.av-special-heading.av-lr3md7c8-372e04c45387c5ceebb7605753238969 .av-subheading{\nfont-size:15px;\n}\nbody .av-special-heading.av-lr3md7c8-372e04c45387c5ceebb7605753238969 .av-special-heading-tag .heading-wrap:before{\nborder-color:#ffffff;\n}\nbody .av-special-heading.av-lr3md7c8-372e04c45387c5ceebb7605753238969 .av-special-heading-tag .heading-wrap:after{\nborder-color:#ffffff;\n}\n<\/style>\n<div  class='av-special-heading av-lr3md7c8-372e04c45387c5ceebb7605753238969 av-special-heading-h1 custom-color-heading blockquote modern-quote modern-centered  avia-builder-el-1  avia-builder-el-no-sibling '><h1 class='av-special-heading-tag'  itemprop=\"headline\"  >Ne\u0161tandardne: zamestn\u00e1vanie atypick\u00fdch zamestnancov\/pracovn\u00edkov &#8211; pr\u00edklad &#8211; sektor slu\u017eieb<\/h1><div class=\"special-heading-border\"><div class=\"special-heading-inner-border\"><\/div><\/div><\/div>\n<\/div><\/div><\/main><!-- close content main element --><\/div><\/div><\/div><div id='after_section_1'  class='main_color av_default_container_wrap container_wrap sidebar_right'  ><div class='container av-section-cont-open' ><div class='template-page content  av-content-small alpha units'><div class='post-entry post-entry-type-page post-entry-238'><div class='entry-content-wrapper clearfix'>\n","protected":false},"excerpt":{"rendered":"","protected":false},"author":1,"featured_media":0,"parent":0,"menu_order":0,"comment_status":"closed","ping_status":"closed","template":"","meta":{"footnotes":""},"class_list":["post-238","page","type-page","status-publish","hentry"],"aioseo_notices":[],"_links":{"self":[{"href":"http:\/\/atypicalworkers-training.com\/sk\/wp-json\/wp\/v2\/pages\/238","targetHints":{"allow":["GET"]}}],"collection":[{"href":"http:\/\/atypicalworkers-training.com\/sk\/wp-json\/wp\/v2\/pages"}],"about":[{"href":"http:\/\/atypicalworkers-training.com\/sk\/wp-json\/wp\/v2\/types\/page"}],"author":[{"embeddable":true,"href":"http:\/\/atypicalworkers-training.com\/sk\/wp-json\/wp\/v2\/users\/1"}],"replies":[{"embeddable":true,"href":"http:\/\/atypicalworkers-training.com\/sk\/wp-json\/wp\/v2\/comments?post=238"}],"version-history":[{"count":1,"href":"http:\/\/atypicalworkers-training.com\/sk\/wp-json\/wp\/v2\/pages\/238\/revisions"}],"predecessor-version":[{"id":239,"href":"http:\/\/atypicalworkers-training.com\/sk\/wp-json\/wp\/v2\/pages\/238\/revisions\/239"}],"wp:attachment":[{"href":"http:\/\/atypicalworkers-training.com\/sk\/wp-json\/wp\/v2\/media?parent=238"}],"curies":[{"name":"wp","href":"https:\/\/api.w.org\/{rel}","templated":true}]}}